{"id":481,"date":"2022-08-22T23:02:56","date_gmt":"2022-08-23T02:02:56","guid":{"rendered":"http:\/\/testeformula.kinghost.net\/acv\/?page_id=481"},"modified":"2026-01-15T14:23:45","modified_gmt":"2026-01-15T17:23:45","slug":"home","status":"publish","type":"page","link":"http:\/\/testeformula.kinghost.net\/acv\/","title":{"rendered":"home page"},"content":{"rendered":"<style>\/*! elementor-pro - v3.11.4 - 07-03-2023 *\/\n.elementor-slides .swiper-slide-bg{background-size:cover;background-position:50%;background-repeat:no-repeat;min-width:100%;min-height:100%}.elementor-slides .swiper-slide-inner{background-repeat:no-repeat;background-position:50%;position:absolute;top:0;left:0;bottom:0;right:0;padding:50px;margin:auto}.elementor-slides .swiper-slide-inner,.elementor-slides .swiper-slide-inner:hover{color:#fff;display:flex}.elementor-slides .swiper-slide-inner .elementor-background-overlay{position:absolute;z-index:0;top:0;bottom:0;left:0;right:0}.elementor-slides .swiper-slide-inner .elementor-slide-content{position:relative;z-index:1;width:100%}.elementor-slides .swiper-slide-inner .elementor-slide-heading{font-size:35px;font-weight:700;line-height:1}.elementor-slides .swiper-slide-inner .elementor-slide-description{font-size:17px;line-height:1.4}.elementor-slides .swiper-slide-inner .elementor-slide-description:not(:last-child),.elementor-slides .swiper-slide-inner .elementor-slide-heading:not(:last-child){margin-bottom:30px}.elementor-slides .swiper-slide-inner .elementor-slide-button{border:2px solid #fff;color:#fff;background:transparent;display:inline-block}.elementor-slides .swiper-slide-inner .elementor-slide-button,.elementor-slides .swiper-slide-inner .elementor-slide-button:hover{background:transparent;color:inherit;text-decoration:none}.elementor--v-position-top .swiper-slide-inner{align-items:flex-start}.elementor--v-position-bottom .swiper-slide-inner{align-items:flex-end}.elementor--v-position-middle .swiper-slide-inner{align-items:center}.elementor--h-position-left .swiper-slide-inner{justify-content:flex-start}.elementor--h-position-right .swiper-slide-inner{justify-content:flex-end}.elementor--h-position-center .swiper-slide-inner{justify-content:center}body.rtl .elementor-widget-slides .elementor-swiper-button-next{left:10px;right:auto}body.rtl .elementor-widget-slides .elementor-swiper-button-prev{right:10px;left:auto}.elementor-slides-wrapper div:not(.swiper-slide)>.swiper-slide-inner{display:none}@media (max-width:767px){.elementor-slides .swiper-slide-inner{padding:30px}.elementor-slides .swiper-slide-inner .elementor-slide-heading{font-size:23px;line-height:1;margin-bottom:15px}.elementor-slides .swiper-slide-inner .elementor-slide-description{font-size:13px;line-height:1.4;margin-bottom:15px}}<\/style>\n<p>\t\t\t\t\t\t\t\t\t\t\t\t\t\tAnterior<br \/>\n\t\t\t\t\t\t\t\t\t\t\t\t\t\tPr\u00f3ximo<\/p>\n<style>\/*! elementor - v3.11.3 - 07-03-2023 *\/\n.elementor-heading-title{padding:0;margin:0;line-height:1}.elementor-widget-heading .elementor-heading-title[class*=elementor-size-]>a{color:inherit;font-size:inherit;line-height:inherit}.elementor-widget-heading .elementor-heading-title.elementor-size-small{font-size:15px}.elementor-widget-heading .elementor-heading-title.elementor-size-medium{font-size:19px}.elementor-widget-heading .elementor-heading-title.elementor-size-large{font-size:29px}.elementor-widget-heading .elementor-heading-title.elementor-size-xl{font-size:39px}.elementor-widget-heading .elementor-heading-title.elementor-size-xxl{font-size:59px}<\/style>\n<h2>VIAGENS<\/h2>\n<p>Nossos Programas<\/p>\n<h3>\u00daltimos Lan\u00e7amentos<\/h3>\n<style>\/*! elementor - v3.11.3 - 07-03-2023 *\/\n.elementor-widget-image{text-align:center}.elementor-widget-image a{display:inline-block}.elementor-widget-image a img[src$=\".svg\"]{width:48px}.elementor-widget-image img{vertical-align:middle;display:inline-block}<\/style>\n<p>\t\t\t\t\t\t\t\t\t\t\t\t\t<a href=\"http:\/\/testeformula.kinghost.net\/acv\/ski-franca\/\"><br \/>\n\t\t\t\t\t\t\t<img decoding=\"async\" width=\"600\" height=\"400\" src=\"http:\/\/testeformula.kinghost.net\/acv\/wp-content\/uploads\/2022\/08\/ski-franca-1.jpg\" alt=\"\" loading=\"lazy\" srcset=\"http:\/\/testeformula.kinghost.net\/acv\/wp-content\/uploads\/2022\/08\/ski-franca-1.jpg 600w, http:\/\/testeformula.kinghost.net\/acv\/wp-content\/uploads\/2022\/08\/ski-franca-1-300x200.jpg 300w\" sizes=\"auto, (max-width: 600px) 100vw, 600px\" \/>\t\t\t\t\t\t\t\t<\/a><\/p>\n<h3>Ski Fran\u00e7a 2023<\/h3>\n<p>Mais e mais frequente, o cen\u00e1rio de nossas f\u00e9rias de ver\u00e3o s\u00e3o os alpes franceses, perfeito para a pr\u00e1tica do esporte de neve e com a j\u00e1 conhecida e tradicional Arte de Receber&#8230;<\/p>\n<p>\t\t\t<a href=\"http:\/\/testeformula.kinghost.net\/acv\/ski-franca\/\" role=\"button\"><br \/>\n\t\t\t\t\t\tSaiba mais<br \/>\n\t\t\t\t\t<\/a><br \/>\n\t\t\t\t\t\t\t\t\t\t\t\t\t\t\t\t<a href=\"http:\/\/testeformula.kinghost.net\/acv\/turquia-2023\/\"><br \/>\n\t\t\t\t\t\t\t<img decoding=\"async\" width=\"600\" height=\"400\" src=\"http:\/\/testeformula.kinghost.net\/acv\/wp-content\/uploads\/2022\/12\/thumbnail-home-1.jpg\" alt=\"\" loading=\"lazy\" srcset=\"http:\/\/testeformula.kinghost.net\/acv\/wp-content\/uploads\/2022\/12\/thumbnail-home-1.jpg 600w, http:\/\/testeformula.kinghost.net\/acv\/wp-content\/uploads\/2022\/12\/thumbnail-home-1-300x200.jpg 300w\" sizes=\"auto, (max-width: 600px) 100vw, 600px\" \/>\t\t\t\t\t\t\t\t<\/a><\/p>\n<h3>Turquia 2023<\/h3>\n<p>A Turquia, conhecida por sua hospitalidade e diversidade. Um pa\u00eds que oferece um pouco de tudo para todos! Um legado hist\u00f3rico enorme e rica cultura, herdados por incont\u00e1veis civiliza\u00e7\u00f5es&#8230;<\/p>\n<p>\t\t\t<a href=\"http:\/\/testeformula.kinghost.net\/acv\/turquia-2023\/\" role=\"button\"><br \/>\n\t\t\t\t\t\tSaiba mais<br \/>\n\t\t\t\t\t<\/a><br \/>\n\t\t\t\t\t\t\t\t\t\t\t\t\t\t\t<img decoding=\"async\" width=\"600\" height=\"400\" src=\"http:\/\/testeformula.kinghost.net\/acv\/wp-content\/uploads\/2022\/12\/thumbnail-home-2.jpg\" alt=\"\" loading=\"lazy\" srcset=\"http:\/\/testeformula.kinghost.net\/acv\/wp-content\/uploads\/2022\/12\/thumbnail-home-2.jpg 600w, http:\/\/testeformula.kinghost.net\/acv\/wp-content\/uploads\/2022\/12\/thumbnail-home-2-300x200.jpg 300w\" sizes=\"auto, (max-width: 600px) 100vw, 600px\" \/>\t\t\t\t\t\t\t\t\t\t\t\t\t\t\t<\/p>\n<h3>Ritz Carlton 2023<\/h3>\n<p>Projetado para combinar o estilo de vida de luxo dos resorts The Ritz-Carlton e a liberdade casual de f\u00e9rias em um iate, O elegante Evrima, da Ritz-Carlton Yacht Collection. rec\u00e9m estreou nos mares&#8230;<\/p>\n<p>\t\t\t<a href=\"http:\/\/testeformula.kinghost.net\/acv\/ritz-carlton\/\" role=\"button\"><br \/>\n\t\t\t\t\t\tSaiba mais<br \/>\n\t\t\t\t\t<\/a><br \/>\n\t\t\t\t\t\t\t\t\t\t\t\t\t\t\t<img decoding=\"async\" width=\"600\" height=\"400\" src=\"http:\/\/testeformula.kinghost.net\/acv\/wp-content\/uploads\/2022\/12\/thumbnail-home-3.jpg\" alt=\"\" loading=\"lazy\" srcset=\"http:\/\/testeformula.kinghost.net\/acv\/wp-content\/uploads\/2022\/12\/thumbnail-home-3.jpg 600w, http:\/\/testeformula.kinghost.net\/acv\/wp-content\/uploads\/2022\/12\/thumbnail-home-3-300x200.jpg 300w\" sizes=\"auto, (max-width: 600px) 100vw, 600px\" \/>\t\t\t\t\t\t\t\t\t\t\t\t\t\t\t<\/p>\n<h3>Provence 2023<br \/>\n<\/h3>\n<p>Regi\u00e3o no sul da Fran\u00e7a conhecida por seus vilarejos famosos no alto da colina, seu clima pitoresco, lindos campos de lavanda, girassol e muito mais. Esta encantadora casa de campo do s\u00e9culo&#8230;<\/p>\n<p>\t\t\t<a href=\"http:\/\/testeformula.kinghost.net\/acv\/provence-2023\/\" role=\"button\"><br \/>\n\t\t\t\t\t\tSaiba mais<br \/>\n\t\t\t\t\t<\/a><br \/>\n\t\t\t\t\t\t\t\t\t\t\t\t\t\t\t<img decoding=\"async\" width=\"600\" height=\"400\" src=\"http:\/\/testeformula.kinghost.net\/acv\/wp-content\/uploads\/2022\/12\/thumbnail-home-4.jpg\" alt=\"\" loading=\"lazy\" srcset=\"http:\/\/testeformula.kinghost.net\/acv\/wp-content\/uploads\/2022\/12\/thumbnail-home-4.jpg 600w, http:\/\/testeformula.kinghost.net\/acv\/wp-content\/uploads\/2022\/12\/thumbnail-home-4-300x200.jpg 300w\" sizes=\"auto, (max-width: 600px) 100vw, 600px\" \/>\t\t\t\t\t\t\t\t\t\t\t\t\t\t\t<\/p>\n<h3>Marrocos 2023<\/h3>\n<p>Um pa\u00eds onde as culturas africana, \u00e1rabe e europeia se entrela\u00e7am. Uma mistura de cultura e religi\u00f5es: conhecido por sua hospitalidade. A fascinante fus\u00e3o de hist\u00f3ria, arte, gastronomia&#8230;<\/p>\n<p>\t\t\t<a href=\"http:\/\/testeformula.kinghost.net\/acv\/marrocos\/\" role=\"button\"><br \/>\n\t\t\t\t\t\tSaiba mais<br \/>\n\t\t\t\t\t<\/a><br \/>\n\t\t\t\t\t\t\t\t\t\t\t\t\t\t\t<img decoding=\"async\" width=\"600\" height=\"400\" src=\"http:\/\/testeformula.kinghost.net\/acv\/wp-content\/uploads\/2022\/12\/thumbnail-home-5.jpg\" alt=\"\" loading=\"lazy\" srcset=\"http:\/\/testeformula.kinghost.net\/acv\/wp-content\/uploads\/2022\/12\/thumbnail-home-5.jpg 600w, http:\/\/testeformula.kinghost.net\/acv\/wp-content\/uploads\/2022\/12\/thumbnail-home-5-300x200.jpg 300w\" sizes=\"auto, (max-width: 600px) 100vw, 600px\" \/>\t\t\t\t\t\t\t\t\t\t\t\t\t\t\t<\/p>\n<h3>Gorilla Trekking 2023<\/h3>\n<p>Na &#8220;Terra das Mil Colinas&#8221;, a diversidade natural salta aos olhos. Os ador\u00e1veis e amea\u00e7ados gorilas das montanhas despertaram o turismo sustent\u00e1vel em Ruanda, que \u00e9 lar de&#8230;<\/p>\n<p>\t\t\t<a href=\"http:\/\/testeformula.kinghost.net\/acv\/gorilla-trekking\/\" role=\"button\"><br \/>\n\t\t\t\t\t\tSaiba mais<br \/>\n\t\t\t\t\t<\/a><\/p>\n<p>Nossos Programas<\/p>\n<h3>Outros destaques<\/h3>\n<p>\t\t\t\t\t\t\t\t\t\t\t\t\t\t\t<img decoding=\"async\" width=\"600\" height=\"400\" src=\"http:\/\/testeformula.kinghost.net\/acv\/wp-content\/uploads\/2022\/12\/thumbnail-home-6.jpg\" alt=\"\" loading=\"lazy\" srcset=\"http:\/\/testeformula.kinghost.net\/acv\/wp-content\/uploads\/2022\/12\/thumbnail-home-6.jpg 600w, http:\/\/testeformula.kinghost.net\/acv\/wp-content\/uploads\/2022\/12\/thumbnail-home-6-300x200.jpg 300w\" sizes=\"auto, (max-width: 600px) 100vw, 600px\" \/>\t\t\t\t\t\t\t\t\t\t\t\t\t\t\t<\/p>\n<h3>Costa Rica 2023<\/h3>\n<p>Voc\u00ea sabia que a Costa Rica cobre apenas 0.03% da superf\u00edcie do planeta &#8230; mas \u00e9 banhada por dois oceanos, possui 1200km de praias, \u00e9 o habitat de 5% da biodiversidade existente&#8230;<\/p>\n<p>\t\t\t<a href=\"http:\/\/testeformula.kinghost.net\/acv\/costa-rica\/\" role=\"button\"><br \/>\n\t\t\t\t\t\tSaiba mais<br \/>\n\t\t\t\t\t<\/a><br \/>\n\t\t\t\t\t\t\t\t\t\t\t\t\t\t\t<img decoding=\"async\" width=\"600\" height=\"400\" src=\"http:\/\/testeformula.kinghost.net\/acv\/wp-content\/uploads\/2022\/12\/thumbnail-home-7.jpg\" alt=\"\" loading=\"lazy\" srcset=\"http:\/\/testeformula.kinghost.net\/acv\/wp-content\/uploads\/2022\/12\/thumbnail-home-7.jpg 600w, http:\/\/testeformula.kinghost.net\/acv\/wp-content\/uploads\/2022\/12\/thumbnail-home-7-300x200.jpg 300w\" sizes=\"auto, (max-width: 600px) 100vw, 600px\" \/>\t\t\t\t\t\t\t\t\t\t\t\t\t\t\t<\/p>\n<h3>Casa Della Capra 2023<\/h3>\n<p>O belo Lago Mergozzo e as paisagens montanhosas do norte do Piemonte comp\u00f5em o cen\u00e1rio em torno da Casa della Capra, que ocupa uma casa datada de 1910, totalmente renovada&#8230;<\/p>\n<p>\t\t\t<a href=\"http:\/\/testeformula.kinghost.net\/acv\/casa-della-capra\/\" role=\"button\"><br \/>\n\t\t\t\t\t\tSaiba mais<br \/>\n\t\t\t\t\t<\/a><br \/>\n\t\t\t\t\t\t\t\t\t\t\t\t\t\t\t<img decoding=\"async\" width=\"600\" height=\"400\" src=\"http:\/\/testeformula.kinghost.net\/acv\/wp-content\/uploads\/2022\/12\/thumbnail-home-8.jpg\" alt=\"\" loading=\"lazy\" srcset=\"http:\/\/testeformula.kinghost.net\/acv\/wp-content\/uploads\/2022\/12\/thumbnail-home-8.jpg 600w, http:\/\/testeformula.kinghost.net\/acv\/wp-content\/uploads\/2022\/12\/thumbnail-home-8-300x200.jpg 300w\" sizes=\"auto, (max-width: 600px) 100vw, 600px\" \/>\t\t\t\t\t\t\t\t\t\t\t\t\t\t\t<\/p>\n<h3>BIke Tour Brasil 2023<\/h3>\n<p>A sensa\u00e7\u00e3o de vento no rosto, a descoberta de uma regi\u00e3o no pr\u00f3prio ritmo e um contato mais pr\u00f3ximo com o local, hist\u00f3ria, arte, gastronomia e muita natureza s\u00e3o algumas das&#8230;<\/p>\n<p>\t\t\t<a href=\"http:\/\/testeformula.kinghost.net\/acv\/bike-tour-brasil\/\" role=\"button\"><br \/>\n\t\t\t\t\t\tSaiba mais<br \/>\n\t\t\t\t\t<\/a><\/p>\n<p>Quem Somos<\/p>\n<h2>A Formula Turismo<\/h2>\n<p>Viajar \u00e9 a arte de apreciar o mundo. Somos uma ag\u00eancia afiliada ao Virtuoso, associa\u00e7\u00e3o global americana, que re\u00fane a mais seleta rede de ag\u00eancias e fornecedores de viagens de luxo. Assim como somos parceiros preferenciais das mais exclusivas cadeias hoteleiras e selos, como: Pen\u00ednsula, Jumeirah, Baglioni, Oetker Collection, Design Hotels, Preferred Hotels entre outros.\u00a0<\/p>\n<p>Com servi\u00e7os diferenciados e agregando benef\u00edcios com os melhores programas de viagens nacionais e internacionais, com servi\u00e7os de alto padr\u00e3o. Possu\u00edmos know-how e conex\u00f5es profissionais para oferecer o que h\u00e1 de mais exclusivo no mundo.\u00a0<\/p>\n<p>Montamos o seu plano de viagem considerando os detalhes, combina\u00e7\u00f5es e contextos para que a sua experi\u00eancia seja \u00fanica, completa e diferenciada. \u00c9 nesta arte que a Formula vem se especializando desde 1987.<\/p>\n<p>Nossos roteiros s\u00e3o planejados nos m\u00ednimos detalhes. Experimentamos o produto antes, agregando experi\u00eancia e antecipando toda a necessidade da viagem, para que voc\u00ea tenha as melhores op\u00e7\u00f5es, com o m\u00e1ximo de conforto, e possa ser surpreendido com o inesperado. Tudo isso com a credibilidade e seguran\u00e7a de uma empresa consolidada no mercado global.<\/p>\n<p>\t\t\t\t\t\t\t\t\t\t\t\t\t\t\t<img decoding=\"async\" width=\"100\" height=\"100\" src=\"http:\/\/testeformula.kinghost.net\/acv\/wp-content\/uploads\/2022\/08\/avatar-consultora.png\" alt=\"\" loading=\"lazy\" \/><br \/>\n\t\t\t\t\t\t\t\t\t\t\t\t\t\t\t<img decoding=\"async\" width=\"195\" height=\"45\" src=\"http:\/\/testeformula.kinghost.net\/acv\/wp-content\/uploads\/2023\/03\/assinatura-consultora-2.svg\" alt=\"\" loading=\"lazy\" \/><br \/>\n\t\t\t<a href=\"#\" role=\"button\"><br \/>\n\t\t\t\t\t\t+55 (21) 2509-4614<br \/>\n\t\t\t\t\t<\/a><\/p>\n<p>Loyalty Programs<\/p>\n<p>\t\t\t\t\t\t\t\t\t\t\t\t\t\t\t<img decoding=\"async\" width=\"300\" height=\"300\" src=\"http:\/\/testeformula.kinghost.net\/acv\/wp-content\/uploads\/2023\/01\/9.jpg\" alt=\"\" loading=\"lazy\" srcset=\"http:\/\/testeformula.kinghost.net\/acv\/wp-content\/uploads\/2023\/01\/9.jpg 300w, http:\/\/testeformula.kinghost.net\/acv\/wp-content\/uploads\/2023\/01\/9-150x150.jpg 150w\" sizes=\"auto, (max-width: 300px) 100vw, 300px\" \/><br \/>\n\t\t\t\t\t\t\t\t\t\t\t\t\t\t\t<img decoding=\"async\" width=\"300\" height=\"300\" src=\"http:\/\/testeformula.kinghost.net\/acv\/wp-content\/uploads\/2022\/12\/7.jpg\" alt=\"\" loading=\"lazy\" srcset=\"http:\/\/testeformula.kinghost.net\/acv\/wp-content\/uploads\/2022\/12\/7.jpg 300w, http:\/\/testeformula.kinghost.net\/acv\/wp-content\/uploads\/2022\/12\/7-150x150.jpg 150w\" sizes=\"auto, (max-width: 300px) 100vw, 300px\" \/><br \/>\n\t\t\t\t\t\t\t\t\t\t\t\t\t\t\t<img decoding=\"async\" width=\"300\" height=\"300\" src=\"http:\/\/testeformula.kinghost.net\/acv\/wp-content\/uploads\/2023\/01\/6.jpg\" alt=\"\" loading=\"lazy\" srcset=\"http:\/\/testeformula.kinghost.net\/acv\/wp-content\/uploads\/2023\/01\/6.jpg 300w, http:\/\/testeformula.kinghost.net\/acv\/wp-content\/uploads\/2023\/01\/6-150x150.jpg 150w\" sizes=\"auto, (max-width: 300px) 100vw, 300px\" \/><br \/>\n\t\t\t\t\t\t\t\t\t\t\t\t\t\t\t<img decoding=\"async\" width=\"300\" height=\"300\" src=\"http:\/\/testeformula.kinghost.net\/acv\/wp-content\/uploads\/2023\/01\/5.jpg\" alt=\"\" loading=\"lazy\" srcset=\"http:\/\/testeformula.kinghost.net\/acv\/wp-content\/uploads\/2023\/01\/5.jpg 300w, http:\/\/testeformula.kinghost.net\/acv\/wp-content\/uploads\/2023\/01\/5-150x150.jpg 150w\" sizes=\"auto, (max-width: 300px) 100vw, 300px\" \/><br \/>\n\t\t\t\t\t\t\t\t\t\t\t\t\t\t\t<img decoding=\"async\" width=\"300\" height=\"300\" src=\"http:\/\/testeformula.kinghost.net\/acv\/wp-content\/uploads\/2023\/01\/4.jpg\" alt=\"\" loading=\"lazy\" srcset=\"http:\/\/testeformula.kinghost.net\/acv\/wp-content\/uploads\/2023\/01\/4.jpg 300w, http:\/\/testeformula.kinghost.net\/acv\/wp-content\/uploads\/2023\/01\/4-150x150.jpg 150w\" sizes=\"auto, (max-width: 300px) 100vw, 300px\" \/><br \/>\n\t\t\t\t\t\t\t\t\t\t\t\t\t\t\t<img decoding=\"async\" width=\"300\" height=\"300\" src=\"http:\/\/testeformula.kinghost.net\/acv\/wp-content\/uploads\/2022\/12\/3-1.jpg\" alt=\"\" loading=\"lazy\" srcset=\"http:\/\/testeformula.kinghost.net\/acv\/wp-content\/uploads\/2022\/12\/3-1.jpg 300w, http:\/\/testeformula.kinghost.net\/acv\/wp-content\/uploads\/2022\/12\/3-1-150x150.jpg 150w\" sizes=\"auto, (max-width: 300px) 100vw, 300px\" \/><br \/>\n\t\t\t\t\t\t\t\t\t\t\t\t\t\t\t<img decoding=\"async\" width=\"300\" height=\"300\" src=\"http:\/\/testeformula.kinghost.net\/acv\/wp-content\/uploads\/2022\/12\/2-2.jpg\" alt=\"\" loading=\"lazy\" srcset=\"http:\/\/testeformula.kinghost.net\/acv\/wp-content\/uploads\/2022\/12\/2-2.jpg 300w, http:\/\/testeformula.kinghost.net\/acv\/wp-content\/uploads\/2022\/12\/2-2-150x150.jpg 150w\" sizes=\"auto, (max-width: 300px) 100vw, 300px\" \/><br \/>\n\t\t\t\t\t\t\t\t\t\t\t\t\t\t\t<img decoding=\"async\" width=\"300\" height=\"300\" src=\"http:\/\/testeformula.kinghost.net\/acv\/wp-content\/uploads\/2022\/12\/1-2.jpg\" alt=\"\" loading=\"lazy\" srcset=\"http:\/\/testeformula.kinghost.net\/acv\/wp-content\/uploads\/2022\/12\/1-2.jpg 300w, http:\/\/testeformula.kinghost.net\/acv\/wp-content\/uploads\/2022\/12\/1-2-150x150.jpg 150w\" sizes=\"auto, (max-width: 300px) 100vw, 300px\" \/><br \/>\n\t\t\t\t\t\t\t\t\t\t\t\t\t\t\t<img decoding=\"async\" width=\"300\" height=\"300\" src=\"http:\/\/testeformula.kinghost.net\/acv\/wp-content\/uploads\/2023\/01\/10.jpg\" alt=\"\" loading=\"lazy\" srcset=\"http:\/\/testeformula.kinghost.net\/acv\/wp-content\/uploads\/2023\/01\/10.jpg 300w, http:\/\/testeformula.kinghost.net\/acv\/wp-content\/uploads\/2023\/01\/10-150x150.jpg 150w\" sizes=\"auto, (max-width: 300px) 100vw, 300px\" \/><br \/>\n\t\t\t\t\t\t\t\t\t\t\t\t\t\t\t<img decoding=\"async\" width=\"300\" height=\"300\" src=\"http:\/\/testeformula.kinghost.net\/acv\/wp-content\/uploads\/2022\/12\/8.jpg\" alt=\"\" loading=\"lazy\" srcset=\"http:\/\/testeformula.kinghost.net\/acv\/wp-content\/uploads\/2022\/12\/8.jpg 300w, http:\/\/testeformula.kinghost.net\/acv\/wp-content\/uploads\/2022\/12\/8-150x150.jpg 150w\" sizes=\"auto, (max-width: 300px) 100vw, 300px\" \/>\t\t\t\t\t\t\t\t\t\t\t\t\t\t\t<\/p>\n<p>@formulaturismo<\/p>\n<p>Premia\u00e7\u00f5es<\/p>\n<p>\t\t\t\t\t\t\t\t\t\t\t\t\t\t\t<img decoding=\"async\" width=\"512\" height=\"512\" src=\"http:\/\/testeformula.kinghost.net\/acv\/wp-content\/uploads\/2023\/03\/premio-03.jpg\" alt=\"\" loading=\"lazy\" srcset=\"http:\/\/testeformula.kinghost.net\/acv\/wp-content\/uploads\/2023\/03\/premio-03.jpg 512w, http:\/\/testeformula.kinghost.net\/acv\/wp-content\/uploads\/2023\/03\/premio-03-300x300.jpg 300w, http:\/\/testeformula.kinghost.net\/acv\/wp-content\/uploads\/2023\/03\/premio-03-150x150.jpg 150w\" sizes=\"auto, (max-width: 512px) 100vw, 512px\" \/><br \/>\n\t\t\t\t\t\t\t\t\t\t\t\t\t\t\t<img decoding=\"async\" width=\"512\" height=\"512\" src=\"http:\/\/testeformula.kinghost.net\/acv\/wp-content\/uploads\/2023\/03\/premio-04.jpg\" alt=\"\" loading=\"lazy\" srcset=\"http:\/\/testeformula.kinghost.net\/acv\/wp-content\/uploads\/2023\/03\/premio-04.jpg 512w, http:\/\/testeformula.kinghost.net\/acv\/wp-content\/uploads\/2023\/03\/premio-04-300x300.jpg 300w, http:\/\/testeformula.kinghost.net\/acv\/wp-content\/uploads\/2023\/03\/premio-04-150x150.jpg 150w\" sizes=\"auto, (max-width: 512px) 100vw, 512px\" \/><br \/>\n\t\t\t\t\t\t\t\t\t\t\t\t\t\t\t<img decoding=\"async\" width=\"400\" height=\"836\" src=\"http:\/\/testeformula.kinghost.net\/acv\/wp-content\/uploads\/2023\/03\/trofeu-2.jpg\" alt=\"\" loading=\"lazy\" srcset=\"http:\/\/testeformula.kinghost.net\/acv\/wp-content\/uploads\/2023\/03\/trofeu-2.jpg 400w, http:\/\/testeformula.kinghost.net\/acv\/wp-content\/uploads\/2023\/03\/trofeu-2-144x300.jpg 144w\" sizes=\"auto, (max-width: 400px) 100vw, 400px\" \/><br \/>\n\t\t\t\t\t\t\t\t\t\t\t\t\t\t\t<img decoding=\"async\" width=\"400\" height=\"836\" src=\"http:\/\/testeformula.kinghost.net\/acv\/wp-content\/uploads\/2023\/03\/trofeu-1.jpg\" alt=\"\" loading=\"lazy\" srcset=\"http:\/\/testeformula.kinghost.net\/acv\/wp-content\/uploads\/2023\/03\/trofeu-1.jpg 400w, http:\/\/testeformula.kinghost.net\/acv\/wp-content\/uploads\/2023\/03\/trofeu-1-144x300.jpg 144w\" sizes=\"auto, (max-width: 400px) 100vw, 400px\" \/><\/p>\n","protected":false},"excerpt":{"rendered":"<p>Anterior Pr\u00f3ximo VIAGENS Nossos Programas \u00daltimos Lan\u00e7amentos Ski Fran\u00e7a 2023 Mais e mais frequente, o cen\u00e1rio de nossas f\u00e9rias de ver\u00e3o s\u00e3o os alpes franceses, perfeito para a pr\u00e1tica do esporte de neve e com a j\u00e1 conhecida e tradicional Arte de Receber&#8230; Saiba mais Turquia 2023 A Turquia, conhecida por sua hospitalidade e diversidade. &hellip;<\/p>\n<p class=\"read-more\"> <a class=\"\" href=\"http:\/\/testeformula.kinghost.net\/acv\/\"> <span class=\"screen-reader-text\">home page<\/span> Leia mais &raquo;<\/a><\/p>\n","protected":false},"author":1,"featured_media":0,"parent":0,"menu_order":0,"comment_status":"closed","ping_status":"closed","template":"","meta":{"site-sidebar-layout":"no-sidebar","site-content-layout":"page-builder","ast-global-header-display":"","ast-main-header-display":"","ast-hfb-above-header-display":"","ast-hfb-below-header-display":"","ast-hfb-mobile-header-display":"","site-post-title":"disabled","ast-breadcrumbs-content":"","ast-featured-img":"disabled","footer-sml-layout":"","theme-transparent-header-meta":"","adv-header-id-meta":"","stick-header-meta":"","header-above-stick-meta":"","header-main-stick-meta":"","header-below-stick-meta":"","footnotes":""},"class_list":["post-481","page","type-page","status-publish","hentry"],"_links":{"self":[{"href":"http:\/\/testeformula.kinghost.net\/acv\/wp-json\/wp\/v2\/pages\/481","targetHints":{"allow":["GET"]}}],"collection":[{"href":"http:\/\/testeformula.kinghost.net\/acv\/wp-json\/wp\/v2\/pages"}],"about":[{"href":"http:\/\/testeformula.kinghost.net\/acv\/wp-json\/wp\/v2\/types\/page"}],"author":[{"embeddable":true,"href":"http:\/\/testeformula.kinghost.net\/acv\/wp-json\/wp\/v2\/users\/1"}],"replies":[{"embeddable":true,"href":"http:\/\/testeformula.kinghost.net\/acv\/wp-json\/wp\/v2\/comments?post=481"}],"version-history":[{"count":254,"href":"http:\/\/testeformula.kinghost.net\/acv\/wp-json\/wp\/v2\/pages\/481\/revisions"}],"predecessor-version":[{"id":1496,"href":"http:\/\/testeformula.kinghost.net\/acv\/wp-json\/wp\/v2\/pages\/481\/revisions\/1496"}],"wp:attachment":[{"href":"http:\/\/testeformula.kinghost.net\/acv\/wp-json\/wp\/v2\/media?parent=481"}],"curies":[{"name":"wp","href":"https:\/\/api.w.org\/{rel}","templated":true}]}}